{"id":3634,"date":"2022-06-08T04:35:05","date_gmt":"2022-06-08T04:35:05","guid":{"rendered":"https:\/\/grupocongost.pro\/sample-page\/"},"modified":"2025-11-11T16:42:55","modified_gmt":"2025-11-11T16:42:55","slug":"sample-page-2","status":"publish","type":"page","link":"https:\/\/grupocongost.pro\/ca\/","title":{"rendered":"Home"},"content":{"rendered":"\t\t<div data-elementor-type=\"wp-page\" data-elementor-id=\"3634\" class=\"elementor elementor-3634 elementor-2\">\n\t\t\t\t\t\t\t<div class=\" elementor-element elementor-element-e12e097 e-con-full e-flex e-con e-parent\" data-id=\"e12e097\" data-element_type=\"container\" data-settings=\"{&quot;background_background&quot;:&quot;video&quot;}\">\r\n\t\t\t\t\t<div class=\"elementor-element elementor-element-c86c037 elementor-widget-tablet__width-auto elementor-widget-mobile__width-inherit elementor-widget elementor-widget-video\" data-id=\"c86c037\" data-element_type=\"widget\" data-settings=\"{&quot;video_type&quot;:&quot;vimeo&quot;,&quot;autoplay&quot;:&quot;yes&quot;,&quot;loop&quot;:&quot;yes&quot;,&quot;play_on_mobile&quot;:&quot;yes&quot;}\" data-widget_type=\"video.default\">\n\t\t\t\t\t\t\t<div class=\"elementor-wrapper elementor-open-inline\">\n\t\t\t<iframe class=\"elementor-video-iframe\" allowfullscreen allow=\"autoplay\" title=\"Reproductor de v\u00eddeo vimeo\" src=\"https:\/\/player.vimeo.com\/video\/1060385886?autoplay=1&amp;playsinline=1&amp;color&amp;autopause=0&amp;loop=1&amp;muted=0&amp;title=0&amp;portrait=0&amp;byline=0#t=\"><\/iframe>\t\t<\/div>\n\t\t\t\t\t\t<\/div>\n\t\t\r\n\t\t\t<\/div>\r\n\t\t\t\t\t<div class=\" elementor-section elementor-top-section elementor-element elementor-element-9f236e6 elementor-section-boxed elementor-section-height-default elementor-section-height-default smart-sticky-default\" data-id=\"9f236e6\" data-element_type=\"section\">\r\n\t\t\t\t\t\t\t\t<div class=\"elementor-container elementor-column-gap-default\">\r\n\t\t\t\t\r\n\t\t\t\t\t\t\t\t<div class=\" banner-content t-mc elementor-column elementor-col-100 elementor-top-column elementor-element elementor-element-7cdf97d4 cs-banner-content \" data-id=\"7cdf97d4\" data-element_type=\"column\">\r\n\r\n\t\t\t\t\r\n\t\t\t\t<div class=\"elementor-widget-wrap elementor-element-populated\">\r\n\t\t\t\t\t\t\t\t\t\t\r\n\t\t\t\t\t\t<div class=\"elementor-element elementor-element-6bbad2d animated-fast elementor-widget__width-initial elementor-invisible elementor-widget elementor-widget-heading\" data-id=\"6bbad2d\" data-element_type=\"widget\" data-settings=\"{&quot;_animation&quot;:&quot;fadeInDownShorter&quot;}\" data-widget_type=\"heading.default\">\n\t\t\t\t\t<h2 class=\"elementor-heading-title elementor-size-default\">SegurETAT Privada<\/h2>\t\t\t\t<\/div>\n\t\t\t\t<div class=\"elementor-element elementor-element-106f39b animated-fast elementor-widget__width-initial elementor-invisible elementor-widget elementor-widget-heading\" data-id=\"106f39b\" data-element_type=\"widget\" data-settings=\"{&quot;_animation&quot;:&quot;slideInLeft&quot;,&quot;_animation_delay&quot;:500}\" data-widget_type=\"heading.default\">\n\t\t\t\t\t<h3 class=\"elementor-heading-title elementor-size-default\">Vigil\u00e0ncia i Seguretat<\/h3>\t\t\t\t<\/div>\n\t\t\t\t\t\t<\/div>\r\n\t\t\t\t<\/div>\r\n\t\t\t\t\t\t\t\t<\/div>\r\n\t\t\t<\/div>\r\n\t\t\t\t\t<div class=\" elementor-section elementor-top-section elementor-element elementor-element-0bec4e0 alpha-section-stretched elementor-section-boxed elementor-section-height-default elementor-section-height-default smart-sticky-default\" data-id=\"0bec4e0\" data-element_type=\"section\">\r\n\t\t\t\t\t\t\t\t<div class=\"elementor-container elementor-column-gap-default\">\r\n\t\t\t\t\r\n\t\t\t\t\t\t\t\t<div class=\" elementor-column elementor-col-100 elementor-top-column elementor-element elementor-element-32a5df2 \" data-id=\"32a5df2\" data-element_type=\"column\">\r\n\r\n\t\t\t\t\r\n\t\t\t\t<div class=\"elementor-widget-wrap elementor-element-populated\">\r\n\t\t\t\t\t\t\t\t\t\t\r\n\t\t\t\t\t\t<div class=\"elementor-element elementor-element-19ee904 elementor-widget-laptop__width-initial elementor-invisible elementor-widget elementor-widget-heading\" data-id=\"19ee904\" data-element_type=\"widget\" data-settings=\"{&quot;_animation&quot;:&quot;fadeInUpShorter&quot;}\" data-widget_type=\"heading.default\">\n\t\t\t\t\t<h2 class=\"elementor-heading-title elementor-size-default\">Un equip de Professionals de la Seguretat al seu servei<\/h2>\t\t\t\t<\/div>\n\t\t\t\t<div class=\"elementor-element elementor-element-4d1842f elementor-widget elementor-widget-text-editor\" data-id=\"4d1842f\" data-element_type=\"widget\" data-widget_type=\"text-editor.default\">\n\t\t\t\t\t\t\t\t\t<p style=\"font-size: 20px; text-align: justify;\">El Grup Congost Seguridad amb seu a Santa Perp\u00e8tua de Mogoda (Barcelona) compta amb un gran equip de professionals amb una experi\u00e8ncia de m\u00e9s de 45 anys al sector de la seguretat p\u00fablica i privada, i al sector dels serveis de control d&#8217;accessos i consergeria, que fan d&#8217;aquest grup empresarial un dels m\u00e9s importants de Catalunya.<br><br>\nPionera en seguretat industrial orienta la seva activitat als serveis de vigil\u00e0ncia, resposta d&#8217;alarma, cust\u00f2dia de claus i instal\u00b7lacions de dispositius m\u00e9s avantguardista del mercat a empreses en pol\u00edgons industrials, administracions p\u00fabliques, urbanitzacions i particulars. Tamb\u00e9 als serveis de control d&#8217;accessos i recepcionistes a empreses en general, adaptant-se permanentment a les demandes del mercat en una aposta clara per la seguretat.<\/p>\t\t\t\t\t\t\t\t<\/div>\n\t\t\t\t\t\t<\/div>\r\n\t\t\t\t<\/div>\r\n\t\t\t\t\t\t\t\t<\/div>\r\n\t\t\t<\/div>\r\n\t\t\t\t\t<section class=\" elementor-section elementor-top-section elementor-element elementor-element-480805ba elementor-section-boxed elementor-section-height-default elementor-section-height-default smart-sticky-default\" data-id=\"480805ba\" data-element_type=\"section\" data-settings=\"{&quot;background_background&quot;:&quot;classic&quot;}\">\r\n\t\t\t\t\t\t\t\t<div class=\"elementor-container elementor-column-gap-default\">\r\n\t\t\t\t\r\n\t\t\t\t\t\t\t\t<div class=\" elementor-column elementor-col-100 elementor-top-column elementor-element elementor-element-3c92307c \" data-id=\"3c92307c\" data-element_type=\"column\">\r\n\r\n\t\t\t\t\r\n\t\t\t\t<div class=\"elementor-widget-wrap elementor-element-populated\">\r\n\t\t\t\t\t\t\t\t\t\t\r\n\t\t\t\t\t\t<div class=\"elementor-element elementor-element-78cd9435 pl-4 pe-4 elementor-invisible elementor-widget elementor-widget-udesign_widget_counters\" data-id=\"78cd9435\" data-element_type=\"widget\" data-settings=\"{&quot;_animation&quot;:&quot;fadeIn&quot;,&quot;_animation_delay&quot;:500}\" data-widget_type=\"udesign_widget_counters.default\">\n\t\t\t\t<div class=\"elementor-widget-container\">\n\t\t\t\t\t<div class=\"counters   row cols-lg-4 cols-md-2 cols-sm-2 cols-1 cols-xl-4\" ><div class=\"grid-col\"><div class=\"counter\"><div class=\"counter-number\"><span class=\"counter-number-prefix\">+<\/span><span class=\"count-to\" data-speed=\"3000\" data-to=\"45\">0<\/span><\/div><div class=\"counter-content\"><h3 class=\"count-title\">Anys d'Experi\u00e8ncia<\/h3><\/div><\/div><\/div><div class=\"grid-col\"><div class=\"counter\"><div class=\"counter-number\"><span class=\"counter-number-prefix\">+<\/span><span class=\"count-to\" data-speed=\"3000\" data-to=\"3000\">0<\/span><\/div><div class=\"counter-content\"><h3 class=\"count-title\">Projectes Realitzats<\/h3><\/div><\/div><\/div><div class=\"grid-col\"><div class=\"counter\"><div class=\"counter-number\"><span class=\"counter-number-prefix\">+<\/span><span class=\"count-to\" data-speed=\"3000\" data-to=\"1500\">0<\/span><\/div><div class=\"counter-content\"><h3 class=\"count-title\">Intervencions a l'any<\/h3><\/div><\/div><\/div><div class=\"grid-col\"><div class=\"counter\"><div class=\"counter-number\"><span class=\"counter-number-prefix\">+<\/span><span class=\"count-to\" data-speed=\"3000\" data-to=\"120\">0<\/span><\/div><div class=\"counter-content\"><h3 class=\"count-title\">Robatoris Neutralitzats a l'any<\/h3><\/div><\/div><\/div><\/div>\t\t\t\t<\/div>\n\t\t\t\t<\/div>\n\t\t\t\t\t\t<\/div>\r\n\t\t\t\t<\/div>\r\n\t\t\t\t\t\t\t\t<\/div>\r\n\t\t\t<\/section>\r\n\t\t\t\t\t<div class=\" elementor-section elementor-top-section elementor-element elementor-element-d9db3d4 elementor-section-boxed elementor-section-height-default elementor-section-height-default smart-sticky-default\" data-id=\"d9db3d4\" data-element_type=\"section\">\r\n\t\t\t\t\t\t\t\t<div class=\"elementor-container elementor-column-gap-default\">\r\n\t\t\t\t\r\n\t\t\t\t\t\t\t\t<div class=\" elementor-column elementor-col-50 elementor-top-column elementor-element elementor-element-b82284f mb-5 mb-lg-0 elementor-invisible \" data-id=\"b82284f\" data-element_type=\"column\" data-settings=\"{&quot;animation&quot;:&quot;fadeInLeftShorter&quot;}\">\r\n\r\n\t\t\t\t\r\n\t\t\t\t<div class=\"elementor-widget-wrap elementor-element-populated\">\r\n\t\t\t\t\t\t\t\t\t\t\r\n\t\t\t\t\t\t<div class=\"elementor-element elementor-element-f67a132 cs-img-shadow shadow1 cs-shadow-none elementor-widget elementor-widget-image\" data-id=\"f67a132\" data-element_type=\"widget\" data-widget_type=\"image.default\">\n\t\t\t\t\t\t\t\t\t\t\t\t\t\t\t<img fetchpriority=\"high\" decoding=\"async\" width=\"1024\" height=\"1024\" src=\"https:\/\/grupocongost.pro\/wp-content\/uploads\/2025\/02\/Homepage-vigilantes-y-patrullas-1024x1024.jpg\" class=\"attachment-large size-large wp-image-3909\" alt=\"\" srcset=\"https:\/\/grupocongost.pro\/wp-content\/uploads\/2025\/02\/Homepage-vigilantes-y-patrullas-1024x1024.jpg 1024w, https:\/\/grupocongost.pro\/wp-content\/uploads\/2025\/02\/Homepage-vigilantes-y-patrullas-768x768.jpg 768w\" sizes=\"(max-width: 1024px) 100vw, 1024px\" \/>\t\t\t\t\t\t\t\t\t\t\t\t\t\t\t<\/div>\n\t\t\t\t\t\t<\/div>\r\n\t\t\t\t<\/div>\r\n\t\t\t\t\t\t\t\t\t<div class=\" elementor-column elementor-col-50 elementor-top-column elementor-element elementor-element-91cb89b \" data-id=\"91cb89b\" data-element_type=\"column\">\r\n\r\n\t\t\t\t\r\n\t\t\t\t<div class=\"elementor-widget-wrap elementor-element-populated\">\r\n\t\t\t\t\t\t\t\t\t\t\r\n\t\t\t\t\t\t<div class=\"elementor-element elementor-element-f7312c4 elementor-invisible elementor-widget elementor-widget-heading\" data-id=\"f7312c4\" data-element_type=\"widget\" data-settings=\"{&quot;_animation&quot;:&quot;fadeInUpShorter&quot;}\" data-widget_type=\"heading.default\">\n\t\t\t\t\t<h2 class=\"elementor-heading-title elementor-size-default\">Vigilants i patrulles<br>de Seguretat<\/h2>\t\t\t\t<\/div>\n\t\t\t\t<div class=\"elementor-element elementor-element-43f4f7e mx-auto elementor-widget-tablet__width-initial elementor-invisible elementor-widget elementor-widget-heading\" data-id=\"43f4f7e\" data-element_type=\"widget\" data-settings=\"{&quot;_animation&quot;:&quot;fadeInUpShorter&quot;,&quot;_animation_delay&quot;:500}\" data-widget_type=\"heading.default\">\n\t\t\t\t\t<h3 class=\"elementor-heading-title elementor-size-default\">Vigilants de Seguretat, Unitats M\u00f2bils, Resposta d'Alarmes, Cust\u00f2dia de Claus i Serveis Auxiliars.<\/h3>\t\t\t\t<\/div>\n\t\t\t\t<div class=\"elementor-element elementor-element-6842a7b elementor-invisible elementor-widget elementor-widget-udesign_widget_button\" data-id=\"6842a7b\" data-element_type=\"widget\" data-settings=\"{&quot;_animation&quot;:&quot;fadeInUpShorter&quot;,&quot;_animation_delay&quot;:700}\" data-widget_type=\"udesign_widget_button.default\">\n\t\t\t\t\t<a class=\"btn btn-outline btn-dark\" href=\"https:\/\/grupocongost.pro\/servicios-de-seguridad\/\" ><span >Veure m\u00e9s<\/span><\/a>\t\t\t\t<\/div>\n\t\t\t\t\t\t<\/div>\r\n\t\t\t\t<\/div>\r\n\t\t\t\t\t\t\t\t<\/div>\r\n\t\t\t<\/div>\r\n\t\t\t\t\t<div class=\" elementor-section elementor-top-section elementor-element elementor-element-2964498 elementor-section-boxed elementor-section-height-default elementor-section-height-default smart-sticky-default\" data-id=\"2964498\" data-element_type=\"section\">\r\n\t\t\t\t\t\t\t\t<div class=\"elementor-container elementor-column-gap-default\">\r\n\t\t\t\t\r\n\t\t\t\t\t\t\t\t<div class=\" elementor-column elementor-col-50 elementor-top-column elementor-element elementor-element-2f687cd mb-5 mb-lg-0 elementor-invisible \" data-id=\"2f687cd\" data-element_type=\"column\" data-settings=\"{&quot;animation&quot;:&quot;fadeInRightShorter&quot;}\">\r\n\r\n\t\t\t\t\r\n\t\t\t\t<div class=\"elementor-widget-wrap elementor-element-populated\">\r\n\t\t\t\t\t\t\t\t\t\t\r\n\t\t\t\t\t\t<div class=\"elementor-element elementor-element-d4e0792 cs-shadow-none elementor-widget elementor-widget-image\" data-id=\"d4e0792\" data-element_type=\"widget\" data-widget_type=\"image.default\">\n\t\t\t\t\t\t\t\t\t\t\t\t\t\t\t<img decoding=\"async\" width=\"1024\" height=\"1024\" src=\"https:\/\/grupocongost.pro\/wp-content\/uploads\/2025\/02\/homepage-alarmas-i-cctv-1024x1024.jpg\" class=\"attachment-large size-large wp-image-3912\" alt=\"\" srcset=\"https:\/\/grupocongost.pro\/wp-content\/uploads\/2025\/02\/homepage-alarmas-i-cctv-1024x1024.jpg 1024w, https:\/\/grupocongost.pro\/wp-content\/uploads\/2025\/02\/homepage-alarmas-i-cctv-768x768.jpg 768w\" sizes=\"(max-width: 1024px) 100vw, 1024px\" \/>\t\t\t\t\t\t\t\t\t\t\t\t\t\t\t<\/div>\n\t\t\t\t\t\t<\/div>\r\n\t\t\t\t<\/div>\r\n\t\t\t\t\t\t\t\t\t<div class=\" elementor-column elementor-col-50 elementor-top-column elementor-element elementor-element-8ca1c80 order-lg-first \" data-id=\"8ca1c80\" data-element_type=\"column\">\r\n\r\n\t\t\t\t\r\n\t\t\t\t<div class=\"elementor-widget-wrap elementor-element-populated\">\r\n\t\t\t\t\t\t\t\t\t\t\r\n\t\t\t\t\t\t<div class=\"elementor-element elementor-element-c1d2623 elementor-invisible elementor-widget elementor-widget-heading\" data-id=\"c1d2623\" data-element_type=\"widget\" data-settings=\"{&quot;_animation&quot;:&quot;fadeInLeftShorter&quot;,&quot;_animation_delay&quot;:500}\" data-widget_type=\"heading.default\">\n\t\t\t\t\t<h2 class=\"elementor-heading-title elementor-size-default\">Sistemes, Alarmes i C\u00e0mares de seguretat<\/h2>\t\t\t\t<\/div>\n\t\t\t\t<div class=\"elementor-element elementor-element-3b974de mx-auto elementor-widget-tablet__width-initial elementor-invisible elementor-widget elementor-widget-heading\" data-id=\"3b974de\" data-element_type=\"widget\" data-settings=\"{&quot;_animation&quot;:&quot;fadeInLeftShorter&quot;,&quot;_animation_delay&quot;:600}\" data-widget_type=\"heading.default\">\n\t\t\t\t\t<h3 class=\"elementor-heading-title elementor-size-default\">Alarmas de Robatori, Incendi i C\u00e0mares conectades a Central Receptora<\/h3>\t\t\t\t<\/div>\n\t\t\t\t<div class=\"elementor-element elementor-element-21723c7 elementor-invisible elementor-widget elementor-widget-udesign_widget_button\" data-id=\"21723c7\" data-element_type=\"widget\" data-settings=\"{&quot;_animation&quot;:&quot;fadeInUpShorter&quot;,&quot;_animation_delay&quot;:700}\" data-widget_type=\"udesign_widget_button.default\">\n\t\t\t\t\t<a class=\"btn btn-outline btn-dark\" href=\"https:\/\/grupocongost.pro\/sistemas-de-seguridad\/\" ><span >Veure M\u00e9s<\/span><\/a>\t\t\t\t<\/div>\n\t\t\t\t\t\t<\/div>\r\n\t\t\t\t<\/div>\r\n\t\t\t\t\t\t\t\t<\/div>\r\n\t\t\t<\/div>\r\n\t\t\t\t\t<\/div>\n\t\t","protected":false},"excerpt":{"rendered":"<p>https:\/\/vimeo.com\/1060385886 SegurETAT Privada Vigil\u00e0ncia i Seguretat Un equip de Professionals de la Seguretat al seu servei El Grup Congost Seguridad amb seu a Santa Perp\u00e8tua de Mogoda (Barcelona) compta amb un gran equip de professionals amb una experi\u00e8ncia de m\u00e9s de 45 anys al sector de la seguretat p\u00fablica i privada, i al sector dels [&hellip;]<\/p>\n","protected":false},"author":1,"featured_media":0,"parent":0,"menu_order":0,"comment_status":"closed","ping_status":"open","template":"","meta":{"_acf_changed":false,"footnotes":""},"class_list":["post-3634","page","type-page","status-publish","hentry"],"acf":[],"_links":{"self":[{"href":"https:\/\/grupocongost.pro\/ca\/wp-json\/wp\/v2\/pages\/3634","targetHints":{"allow":["GET"]}}],"collection":[{"href":"https:\/\/grupocongost.pro\/ca\/wp-json\/wp\/v2\/pages"}],"about":[{"href":"https:\/\/grupocongost.pro\/ca\/wp-json\/wp\/v2\/types\/page"}],"author":[{"embeddable":true,"href":"https:\/\/grupocongost.pro\/ca\/wp-json\/wp\/v2\/users\/1"}],"replies":[{"embeddable":true,"href":"https:\/\/grupocongost.pro\/ca\/wp-json\/wp\/v2\/comments?post=3634"}],"version-history":[{"count":25,"href":"https:\/\/grupocongost.pro\/ca\/wp-json\/wp\/v2\/pages\/3634\/revisions"}],"predecessor-version":[{"id":5314,"href":"https:\/\/grupocongost.pro\/ca\/wp-json\/wp\/v2\/pages\/3634\/revisions\/5314"}],"wp:attachment":[{"href":"https:\/\/grupocongost.pro\/ca\/wp-json\/wp\/v2\/media?parent=3634"}],"curies":[{"name":"wp","href":"https:\/\/api.w.org\/{rel}","templated":true}]}}