{"id":3990,"date":"2025-06-06T11:24:43","date_gmt":"2025-06-06T11:24:43","guid":{"rendered":"https:\/\/grupocongost.pro\/?page_id=3990"},"modified":"2025-06-06T11:35:23","modified_gmt":"2025-06-06T11:35:23","slug":"denuncies","status":"publish","type":"page","link":"https:\/\/grupocongost.pro\/ca\/denuncies\/","title":{"rendered":"Canal de Den\u00fancies"},"content":{"rendered":"\t\t<div data-elementor-type=\"wp-page\" data-elementor-id=\"3990\" class=\"elementor elementor-3990 elementor-3989\">\n\t\t\t\t\t\t<section class=\" elementor-section elementor-top-section elementor-element elementor-element-b6356b3 elementor-section-boxed elementor-section-height-default elementor-section-height-default smart-sticky-default\" data-id=\"b6356b3\" data-element_type=\"section\">\r\n\t\t\t\t\t\t\t\t<div class=\"elementor-container elementor-column-gap-default\">\r\n\t\t\t\t\r\n\t\t\t\t\t\t\t\t<div class=\" elementor-column elementor-col-100 elementor-top-column elementor-element elementor-element-d056799 \" data-id=\"d056799\" data-element_type=\"column\">\r\n\r\n\t\t\t\t\r\n\t\t\t\t<div class=\"elementor-widget-wrap elementor-element-populated\">\r\n\t\t\t\t\t\t\t\t\t\t\r\n\t\t\t\t\t\t<div class=\"elementor-element elementor-element-53feebd mb-10 pb-1 elementor-invisible elementor-widget elementor-widget-heading\" data-id=\"53feebd\" data-element_type=\"widget\" data-settings=\"{&quot;_animation&quot;:&quot;fadeInUpShorter&quot;,&quot;_animation_delay&quot;:400}\" data-widget_type=\"heading.default\">\n\t\t\t\t\t<h4 class=\"elementor-heading-title elementor-size-default\">Pots enviar una den\u00fancia de forma segura a trav\u00e9s d'aquest formulari. Nom\u00e9s la persona designada per l'empresa la podr\u00e0 veure.<\/h4>\t\t\t\t<\/div>\n\t\t\t\t\t\t<\/div>\r\n\t\t\t\t<\/div>\r\n\t\t\t\t\t\t\t\t<\/div>\r\n\t\t\t<\/section>\r\n\t\t\t\t\t<section class=\" elementor-section elementor-top-section elementor-element elementor-element-c6a65f4 elementor-section-boxed elementor-section-height-default elementor-section-height-default smart-sticky-default\" data-id=\"c6a65f4\" data-element_type=\"section\">\r\n\t\t\t\t\t\t\t\t<div class=\"elementor-container elementor-column-gap-default\">\r\n\t\t\t\t\r\n\t\t\t\t\t\t\t\t<div class=\" elementor-column elementor-col-100 elementor-top-column elementor-element elementor-element-85acdc2 \" data-id=\"85acdc2\" data-element_type=\"column\">\r\n\r\n\t\t\t\t\r\n\t\t\t\t<div class=\"elementor-widget-wrap elementor-element-populated\">\r\n\t\t\t\t\t\t\t\t\t\t\r\n\t\t\t\t\t\t<div class=\"elementor-element elementor-element-0f7578a elementor-widget elementor-widget-text-editor\" data-id=\"0f7578a\" data-element_type=\"widget\" data-widget_type=\"text-editor.default\">\n\t\t\t\t\t\t\t\t\t<h4><div class=\"forminator-ui forminator-custom-form forminator-custom-form-3971 forminator-design--default  forminator_ajax\" data-forminator-render=\"0\" data-form=\"forminator-module-3971\" data-uid=\"69e32d5c35f9e\"><br\/><\/div><form\n\t\t\t\tid=\"forminator-module-3971\"\n\t\t\t\tclass=\"forminator-ui forminator-custom-form forminator-custom-form-3971 forminator-design--default  forminator_ajax\"\n\t\t\t\tmethod=\"post\"\n\t\t\t\tdata-forminator-render=\"0\"\n\t\t\t\tdata-form-id=\"3971\"\n\t\t\t\tenctype=\"multipart\/form-data\" data-color-option=\"default\" data-design=\"default\" data-grid=\"open\" style=\"display: none;\"\n\t\t\t\tdata-uid=\"69e32d5c35f9e\"\n\t\t\t><div role=\"alert\" aria-live=\"polite\" class=\"forminator-response-message forminator-error\" aria-hidden=\"true\"><\/div><div class=\"forminator-row\"><div id=\"name-1\" class=\"forminator-field-name forminator-col forminator-col-12 \"><div class=\"forminator-field\"><label for=\"forminator-field-name-1_69e32d5c35f9e\" id=\"forminator-field-name-1_69e32d5c35f9e-label\" class=\"forminator-label\">T\u00edtol <span class=\"forminator-required\">*<\/span><\/label><input type=\"text\" name=\"name-1\" value=\"\" placeholder=\"\" id=\"forminator-field-name-1_69e32d5c35f9e\" class=\"forminator-input forminator-name--field\" aria-required=\"true\" autocomplete=\"name\" aria-describedby=\"forminator-field-name-1_69e32d5c35f9e-description\" \/><span id=\"forminator-field-name-1_69e32d5c35f9e-description\" class=\"forminator-description\">Breu descripci\u00f3 de la den\u00fancia<\/span><\/div><\/div><\/div><div class=\"forminator-row\"><div id=\"select-1\" class=\"forminator-field-select forminator-col forminator-col-12 \"><div class=\"forminator-field\"><select  id=\"forminator-form-3971__field--select-1_69e32d5c35f9e\" class=\"forminator-select--field forminator-select2 forminator-select2-multiple\" data-required=\"1\" name=\"select-1\" data-default-value=\"\" data-hidden-behavior=\"zero\" data-placeholder=\"Quina \u00e9s la teva relaci\u00f3 amb la companyia?\" data-search=\"false\" data-search-placeholder=\"Quina \u00e9s la teva relaci\u00f3 amb la companyia?\" data-checkbox=\"false\" data-allow-clear=\"false\" aria-labelledby=\"forminator-form-3971__field--select-1_69e32d5c35f9e-label\"><option value=\"\"  >Quina \u00e9s la teva relaci\u00f3 amb la companyia?<\/option><option value=\"one\"  data-calculation=\"0\">Client<\/option><option value=\"two\"  data-calculation=\"0\">Contractista<\/option><option value=\"Opcion-3\"  data-calculation=\"0\">Empleat<\/option><option value=\"Antiguo-empleado\"  data-calculation=\"0\">Antic empleat<\/option><option value=\"Proveedor\"  data-calculation=\"0\">Prove\u00efdor<\/option><option value=\"Otros\"  data-calculation=\"0\">Altres<\/option><\/select><\/div><\/div><\/div><div class=\"forminator-row\"><div id=\"radio-2\" class=\"forminator-field-radio forminator-col forminator-col-4 \"><div role=\"radiogroup\" class=\"forminator-field\" aria-labelledby=\"forminator-radiogroup-radio-2-69e32d5c35f9e-label\"><span id=\"forminator-radiogroup-radio-2-69e32d5c35f9e-label\" class=\"forminator-label\">Denunciant <span class=\"forminator-required\">*<\/span><\/span><label id=\"forminator-field-radio-2-label-1\" for=\"forminator-field-radio-2-1-69e32d5c35f9e\" class=\"forminator-radio\" title=\"An\u00f2nim\"><input type=\"radio\" name=\"radio-2\" value=\"one\" id=\"forminator-field-radio-2-1-69e32d5c35f9e\" aria-labelledby=\"forminator-field-radio-2-label-1\" data-calculation=\"0\"   data-hidden-behavior=\"zero\"\/><span class=\"forminator-radio-bullet\" aria-hidden=\"true\"><\/span><span class=\"forminator-radio-label\">An\u00f2nim<\/span><\/label><label id=\"forminator-field-radio-2-label-2\" for=\"forminator-field-radio-2-2-69e32d5c35f9e\" class=\"forminator-radio\" title=\"No An\u00f2nim\"><input type=\"radio\" name=\"radio-2\" value=\"two\" id=\"forminator-field-radio-2-2-69e32d5c35f9e\" aria-labelledby=\"forminator-field-radio-2-label-2\" data-calculation=\"0\"   data-hidden-behavior=\"zero\"\/><span class=\"forminator-radio-bullet\" aria-hidden=\"true\"><\/span><span class=\"forminator-radio-label\">No An\u00f2nim<\/span><\/label><\/div><\/div><div id=\"name-3\" class=\"forminator-field-name forminator-col forminator-col-4 \"><div class=\"forminator-field\"><label for=\"forminator-field-name-3_69e32d5c35f9e\" id=\"forminator-field-name-3_69e32d5c35f9e-label\" class=\"forminator-label\">Nom i cognoms<\/label><input type=\"text\" name=\"name-3\" value=\"\" placeholder=\"\" id=\"forminator-field-name-3_69e32d5c35f9e\" class=\"forminator-input forminator-name--field\" aria-required=\"false\" autocomplete=\"name\" \/><\/div><\/div><div id=\"email-1\" class=\"forminator-field-email forminator-col forminator-col-4 \"><div class=\"forminator-field\"><label for=\"forminator-field-email-1_69e32d5c35f9e\" id=\"forminator-field-email-1_69e32d5c35f9e-label\" class=\"forminator-label\">Correu Electr\u00f2nic<\/label><input type=\"email\" name=\"email-1\" value=\"\" placeholder=\"\" id=\"forminator-field-email-1_69e32d5c35f9e\" class=\"forminator-input forminator-email--field\" data-required=\"\" aria-required=\"false\" autocomplete=\"email\" \/><\/div><\/div><\/div><div class=\"forminator-row\"><div id=\"textarea-1\" class=\"forminator-field-textarea forminator-col forminator-col-12 \"><div class=\"forminator-field\"><label for=\"forminator-field-textarea-1_69e32d5c35f9e\" id=\"forminator-field-textarea-1_69e32d5c35f9e-label\" class=\"forminator-label\">Descripci\u00f3 <span class=\"forminator-required\">*<\/span><\/label><textarea name=\"textarea-1\" placeholder=\"\" id=\"forminator-field-textarea-1_69e32d5c35f9e\" class=\"forminator-textarea\" rows=\"6\" style=\"min-height:140px;\" maxlength=\"180\" aria-describedby=\"forminator-field-textarea-1_69e32d5c35f9e-description\" ><\/textarea><span id=\"forminator-field-textarea-1_69e32d5c35f9e-description\" class=\"forminator-description\">Escriu en detall el que va passar, on va passar, quan va passar i qui va estar involucrat en l&#8217;esdeveniment<span data-limit=\"180\" data-type=\"characters\" data-editor=\"\">0 \/ 180<\/span><\/span><\/div><\/div><\/div><div class=\"forminator-row\"><div id=\"upload-1\" class=\"forminator-field-upload forminator-col forminator-col-12 \"><div class=\"forminator-field\"><label for=\"forminator-field-upload-1_69e32d5c35f9e\" id=\"forminator-field-upload-1_69e32d5c35f9e-label\" class=\"forminator-label\">Documents Adjunts<\/label><div class=\"forminator-multi-upload \" data-element=\"upload-1_69e32d5c35f9e\" aria-describedby=\"forminator-field-upload-1_69e32d5c35f9e-description\"><input type=\"file\" name=\"upload-1[]\" id=\"forminator-field-upload-1_69e32d5c35f9e\" class=\"forminator-input-file forminator-field-upload-1_69e32d5c35f9e-3971\" multiple=\"multiple\" data-method=\"ajax\" data-size=\"8000000\" data-size-message=\"Maximum file size allowed is 8 MB. \"><div class=\"forminator-multi-upload-message\" aria-hidden=\"true\"><span class=\"forminator-icon-upload\" aria-hidden=\"true\"><\/span><p>Drag and Drop (or) <a class=\"forminator-upload-file--forminator-field-upload-1_69e32d5c35f9e\" href=\"#\" onclick=\"return false;\">Choose Files<\/a><\/p><\/div><\/div><span id=\"forminator-field-upload-1_69e32d5c35f9e-description\" class=\"forminator-description\">Afegeix qualsevol document, \u00e0udio, video, foto, etc. que pugui servir de prova per l&#8217;informe.<\/span><ul class=\"forminator-uploaded-files upload-container-upload-1_69e32d5c35f9e\"><\/ul><\/div><\/div><\/div><div class=\"forminator-row\"><div id=\"checkbox-1\" class=\"forminator-field-checkbox forminator-col forminator-col-12 \"><div role=\"group\" class=\"forminator-field required\" aria-labelledby=\"forminator-checkbox-group-forminator-field-checkbox-1-69e32d5c35f9e-label\"><label id=\"forminator-field-checkbox-1-1-69e32d5c35f9e-label\" for=\"forminator-field-checkbox-1-1-69e32d5c35f9e\" class=\"forminator-checkbox\" title=\"He llegit i accepto les condicions de &lt;a href=&quot;https:\/\/grupocongost.pro\/ca\/avis-legal\/&quot;&gt;Aviso Legal\"><input type=\"checkbox\" name=\"checkbox-1[]\" value=\"one\" id=\"forminator-field-checkbox-1-1-69e32d5c35f9e\" aria-labelledby=\"forminator-field-checkbox-1-1-69e32d5c35f9e-label\" data-calculation=\"0\"   data-hidden-behavior=\"zero\"\/><span class=\"forminator-checkbox-box\" aria-hidden=\"true\"><\/span><span class=\"forminator-checkbox-label\">He llegit i accepto les condicions de <a href=\"https:\/\/grupocongost.pro\/ca\/avis-legal\/\">Aviso Legal<\/span><\/label><\/div><\/div><\/div><div class=\"forminator-row\"><div id=\"captcha-1\" class=\"forminator-field-captcha forminator-col forminator-col-12 \"><div class=\"forminator-captcha-left forminator-g-recaptcha recaptcha-invisible\" data-theme=\"light\" data-badge=\"bottomright\" data-sitekey=\"6LeP5Y4sAAAAADgmiZNuKTLdFT35IdNis5m4KLE9\" data-size=\"invisible\"><\/div> <\/div><\/div><input type=\"hidden\" name=\"referer_url\" value=\"\" \/><div class=\"forminator-row forminator-row-last\"><div class=\"forminator-col\"><div class=\"forminator-field\"><button class=\"forminator-button forminator-button-submit\">Enviar<\/button><\/div><\/div><\/div><input type=\"hidden\" id=\"forminator_nonce\" name=\"forminator_nonce\" value=\"2a26155e2d\" \/><input type=\"hidden\" name=\"_wp_http_referer\" value=\"\/ca\/wp-json\/wp\/v2\/pages\/3990\" \/><input type=\"hidden\" name=\"form_id\" value=\"3971\"><input type=\"hidden\" name=\"page_id\" value=\"3990\"><input type=\"hidden\" name=\"form_type\" value=\"default\"><input type=\"hidden\" name=\"current_url\" value=\"https:\/\/grupocongost.pro\/ca\/denuncies\/\"><input type=\"hidden\" name=\"render_id\" value=\"0\"><input type=\"hidden\" name=\"forminator-multifile-hidden\" class=\"forminator-multifile-hidden\"><input type=\"hidden\" name=\"action\" value=\"forminator_submit_form_custom-forms\"><\/form><\/h4><p>\u00a0<\/p>\t\t\t\t\t\t\t\t<\/div>\n\t\t\t\t\t\t<\/div>\r\n\t\t\t\t<\/div>\r\n\t\t\t\t\t\t\t\t<\/div>\r\n\t\t\t<\/section>\r\n\t\t\t\t\t<\/div>\n\t\t","protected":false},"excerpt":{"rendered":"<p>Pots enviar una den\u00fancia de forma segura a trav\u00e9s d&#8217;aquest formulari. Nom\u00e9s la persona designada per l&#8217;empresa la podr\u00e0 veure. \u00a0<\/p>\n","protected":false},"author":1,"featured_media":0,"parent":0,"menu_order":0,"comment_status":"closed","ping_status":"closed","template":"elementor_header_footer","meta":{"_acf_changed":false,"footnotes":""},"class_list":["post-3990","page","type-page","status-publish","hentry"],"acf":[],"_links":{"self":[{"href":"https:\/\/grupocongost.pro\/ca\/wp-json\/wp\/v2\/pages\/3990","targetHints":{"allow":["GET"]}}],"collection":[{"href":"https:\/\/grupocongost.pro\/ca\/wp-json\/wp\/v2\/pages"}],"about":[{"href":"https:\/\/grupocongost.pro\/ca\/wp-json\/wp\/v2\/types\/page"}],"author":[{"embeddable":true,"href":"https:\/\/grupocongost.pro\/ca\/wp-json\/wp\/v2\/users\/1"}],"replies":[{"embeddable":true,"href":"https:\/\/grupocongost.pro\/ca\/wp-json\/wp\/v2\/comments?post=3990"}],"version-history":[{"count":1,"href":"https:\/\/grupocongost.pro\/ca\/wp-json\/wp\/v2\/pages\/3990\/revisions"}],"predecessor-version":[{"id":3992,"href":"https:\/\/grupocongost.pro\/ca\/wp-json\/wp\/v2\/pages\/3990\/revisions\/3992"}],"wp:attachment":[{"href":"https:\/\/grupocongost.pro\/ca\/wp-json\/wp\/v2\/media?parent=3990"}],"curies":[{"name":"wp","href":"https:\/\/api.w.org\/{rel}","templated":true}]}}