{"id":5057,"date":"2025-09-18T15:58:48","date_gmt":"2025-09-18T15:58:48","guid":{"rendered":"https:\/\/grupocongost.pro\/cookies\/"},"modified":"2025-10-21T09:04:44","modified_gmt":"2025-10-21T09:04:44","slug":"cookies","status":"publish","type":"page","link":"https:\/\/grupocongost.pro\/ca\/cookies\/","title":{"rendered":"Cookies"},"content":{"rendered":"\t\t<div data-elementor-type=\"wp-page\" data-elementor-id=\"5057\" class=\"elementor elementor-5057 elementor-4663\">\n\t\t\t\t\t\t<section class=\" elementor-section elementor-top-section elementor-element elementor-element-478bdf9 elementor-section-boxed elementor-section-height-default elementor-section-height-default smart-sticky-default\" data-id=\"478bdf9\" data-element_type=\"section\">\r\n\t\t\t\t\t\t\t\t<div class=\"elementor-container elementor-column-gap-default\">\r\n\t\t\t\t\r\n\t\t\t\t\t\t\t\t<div class=\" elementor-column elementor-col-100 elementor-top-column elementor-element elementor-element-a61860e order-lg-first \" data-id=\"a61860e\" data-element_type=\"column\">\r\n\r\n\t\t\t\t\r\n\t\t\t\t<div class=\"elementor-widget-wrap elementor-element-populated\">\r\n\t\t\t\t\t\t\t\t\t\t\r\n\t\t\t\t\t\t<div class=\"elementor-element elementor-element-d4bd121 elementor-widget elementor-widget-text-editor\" data-id=\"d4bd121\" data-element_type=\"widget\" data-widget_type=\"text-editor.default\">\n\t\t\t\t\t\t\t\t\t<span style=\"font-size: medium;\"><strong><u>Pol\u00edtica de cookies: <\/u><\/strong> <br><br>\n<p class=\"p1\">La present pol\u00edtica de cookies t\u00e9 per finalitat informar-te de manera clara i precisa sobre les cookies que s\u2019utilitzen a la p\u00e0gina web de Congost.<\/p>\n<p class=\"p1\">La informaci\u00f3 recollida a trav\u00e9s de les cookies pot incloure la data i hora de visites al Lloc Web, les p\u00e0gines visualitzades, el temps que s\u2019hi ha estat i els llocs visitats just abans i just despr\u00e9s del mateix. No obstant aix\u00f2, cap cookie permet que el Lloc Web pugui contactar amb el n\u00famero de tel\u00e8fon de l\u2019Usuari ni amb cap altre mitj\u00e0 de contacte personal. Cap cookie pot extreure informaci\u00f3 del disc dur de l\u2019Usuari ni robar informaci\u00f3 personal. L\u2019\u00fanica manera que la informaci\u00f3 privada de l\u2019Usuari formi part de l\u2019arxiu cookie \u00e9s que l\u2019Usuari doni personalment aquesta informaci\u00f3 al servidor.<\/p>\n<p class=\"p1\">Les cookies que permeten identificar una persona es consideren dades personals. Per a la utilitzaci\u00f3 de les cookies ser\u00e0 necessari el consentiment de l\u2019Usuari. Aquest consentiment ser\u00e0 comunicat, en base a una elecci\u00f3 aut\u00e8ntica, ofert mitjan\u00e7ant una decisi\u00f3 afirmativa i positiva, abans del tractament inicial, removible i documentat.<\/p>\n<p class=\"p1\"><span style=\"text-decoration: underline;\">Qu\u00e8 s\u00f3n les cookies?<\/span><\/p>\n<p class=\"p1\">Una cookie \u00e9s un petit fragment de text que els llocs web que visites envien al navegador i que permet que el lloc web recordi informaci\u00f3 sobre la teva visita, com l\u2019idioma preferit i altres opcions, amb la finalitat de facilitar la teva propera visita i fer que el lloc et resulti m\u00e9s \u00fatil. Les cookies tenen un paper molt important i contribueixen a oferir una millor experi\u00e8ncia de navegaci\u00f3 a l\u2019usuari.<\/p>\n<p class=\"p1\"><span style=\"text-decoration: underline;\">Quins tipus de cookies s\u2019utilitzen en aquesta p\u00e0gina web?<\/span><\/p>\n<p class=\"p1\">Segons qui sigui l\u2019entitat que gestioni el domini des d\u2019on s\u2019envien les cookies i es tractin les dades obtingudes, es poden distingir dos tipus: cookies pr\u00f2pies i cookies de tercers.<\/p>\n<p class=\"p1\"><span style=\"text-decoration: underline;\">Cookies pr\u00f2pies<\/span><\/p>\n<p class=\"p1\">S\u00f3n aquelles cookies que s\u2019envien a l\u2019ordinador o dispositiu de l\u2019Usuari i que s\u00f3n gestionades exclusivament per Congost per al millor funcionament del Lloc Web. La informaci\u00f3 que es recull s\u2019utilitza per millorar la qualitat del Lloc Web i el seu contingut, aix\u00ed com l\u2019experi\u00e8ncia de l\u2019Usuari. Aquestes cookies permeten recon\u00e8ixer l\u2019Usuari com a visitant recurrent del Lloc Web i adaptar el contingut per oferir-li informaci\u00f3 ajustada a les seves prefer\u00e8ncies.<\/p>\n<p class=\"p1\">Les cookies de sessi\u00f3 contenen informaci\u00f3 que s\u2019utilitza dins de la sessi\u00f3 actual del navegador. Aquestes cookies s\u2019esborren autom\u00e0ticament quan tanques el navegador. No es conserva res al teu equip m\u00e9s enll\u00e0 del temps que passes al Lloc Web.<\/p>\n<p class=\"p1\">Les cookies persistents s\u2019utilitzen per emmagatzemar la informaci\u00f3 que s\u2019utilitza entre visites. Aquestes dades permeten als llocs web recon\u00e8ixer que ets un client habitual i reaccionar en conseq\u00fc\u00e8ncia. Les cookies persistents tenen un per\u00edode de vida que s\u2019estableix al Lloc Web, i que pot variar entre uns minuts i diversos anys.<\/p>\n<p class=\"p1\">Finalment, existeix una altra classificaci\u00f3 amb cinc tipus de cookies segons la finalitat per a la qual es tractin les dades obtingudes: cookies t\u00e8cniques, cookies de personalitzaci\u00f3, cookies d\u2019an\u00e0lisi, cookies publicit\u00e0ries i cookies de publicitat comportamental.<\/p>\n<p class=\"p1\">D\u2019entre totes elles, aquest Lloc Web utilitza cookies d\u2019an\u00e0lisi i de publicitat comportamental:<\/p>\n<p class=\"p1\">Les cookies d\u2019an\u00e0lisi s\u00f3n aquelles que, tractades per Congost o per tercers, permeten quantificar el nombre d\u2019usuaris i aix\u00ed realitzar la mesura i an\u00e0lisi estad\u00edstica de la utilitzaci\u00f3 que fan els usuaris del servei ofert. Per a aix\u00f2, s\u2019analitza la seva navegaci\u00f3 al nostre Lloc Web amb la finalitat de millorar l\u2019oferta de productes o serveis que li oferim.<\/p>\n<p class=\"p1\">Les cookies de publicitat comportamental s\u00f3n aquelles que, tractades per Congost o per tercers, permeten analitzar els teus h\u00e0bits de navegaci\u00f3 a Internet per poder mostrar-te publicitat relacionada amb el teu perfil de navegaci\u00f3.<\/p>\n<p class=\"p1\"><span style=\"text-decoration: underline;\">Vincles a altres Llocs Web<\/span><\/p>\n<p class=\"p1\">Per a la teva comoditat, aquest Lloc Web pot contenir vincles amb altres Llocs Web que poden tenir pol\u00edtiques de privacitat diferents. Et recomanem examinar-ne les respectives cl\u00e0usules sobre protecci\u00f3 de dades. En cap cas s\u2019intercanviaran dades de car\u00e0cter personal amb aquests Llocs Web sense el teu consentiment previ i informat. Congost no es fa responsable ni del contingut, ni de cap altre aspecte relacionat amb Llocs Web pertanyents o gestionats per tercers.<\/p>\n<p class=\"p1\"><span style=\"text-decoration: underline;\">Deshabilitar, rebutjar i eliminar cookies<\/span><\/p>\n<p class=\"p1\">L\u2019usuari pot deshabilitar, rebutjar i eliminar les cookies \u2013 totalment o parcialment \u2013 instal\u00b7lades al seu dispositiu mitjan\u00e7ant la configuraci\u00f3 del seu navegador (entre els quals es troben, per exemple, Chrome, Firefox, Safari, Explorer). En aquest sentit, els procediments per rebutjar i eliminar les cookies poden diferir d\u2019un navegador d\u2019Internet a un altre. En conseq\u00fc\u00e8ncia, l\u2019Usuari ha de consultar les instruccions facilitades pel mateix navegador d\u2019Internet que estigui utilitzant. En el cas que rebutgis l\u2019\u00fas de cookies \u2013 totalment o parcialment \u2013 podr\u00e0s continuar utilitzant el Lloc Web, si b\u00e9 podries tenir limitada la utilitzaci\u00f3 d\u2019algunes de les seves prestacions. Tingues en compte que, si acceptes les cookies de tercers, haur\u00e0s d\u2019eliminar-les des de les opcions del navegador.<\/p>\n&nbsp;\n\n&nbsp;<\/span>\t\t\t\t\t\t\t\t<\/div>\n\t\t\t\t\t\t<\/div>\r\n\t\t\t\t<\/div>\r\n\t\t\t\t\t\t\t\t<\/div>\r\n\t\t\t<\/section>\r\n\t\t\t\t\t<\/div>\n\t\t","protected":false},"excerpt":{"rendered":"<p>Pol\u00edtica de cookies: La present pol\u00edtica de cookies t\u00e9 per finalitat informar-te de manera clara i precisa sobre les cookies que s\u2019utilitzen a la p\u00e0gina web de Congost. La informaci\u00f3 recollida a trav\u00e9s de les cookies pot incloure la data i hora de visites al Lloc Web, les p\u00e0gines visualitzades, el temps que s\u2019hi ha [&hellip;]<\/p>\n","protected":false},"author":1,"featured_media":0,"parent":0,"menu_order":0,"comment_status":"closed","ping_status":"closed","template":"","meta":{"_acf_changed":false,"footnotes":""},"class_list":["post-5057","page","type-page","status-publish","hentry"],"acf":[],"_links":{"self":[{"href":"https:\/\/grupocongost.pro\/ca\/wp-json\/wp\/v2\/pages\/5057","targetHints":{"allow":["GET"]}}],"collection":[{"href":"https:\/\/grupocongost.pro\/ca\/wp-json\/wp\/v2\/pages"}],"about":[{"href":"https:\/\/grupocongost.pro\/ca\/wp-json\/wp\/v2\/types\/page"}],"author":[{"embeddable":true,"href":"https:\/\/grupocongost.pro\/ca\/wp-json\/wp\/v2\/users\/1"}],"replies":[{"embeddable":true,"href":"https:\/\/grupocongost.pro\/ca\/wp-json\/wp\/v2\/comments?post=5057"}],"version-history":[{"count":4,"href":"https:\/\/grupocongost.pro\/ca\/wp-json\/wp\/v2\/pages\/5057\/revisions"}],"predecessor-version":[{"id":5179,"href":"https:\/\/grupocongost.pro\/ca\/wp-json\/wp\/v2\/pages\/5057\/revisions\/5179"}],"wp:attachment":[{"href":"https:\/\/grupocongost.pro\/ca\/wp-json\/wp\/v2\/media?parent=5057"}],"curies":[{"name":"wp","href":"https:\/\/api.w.org\/{rel}","templated":true}]}}